{"id":477,"date":"2012-07-17T18:37:45","date_gmt":"2012-07-17T18:37:45","guid":{"rendered":"https:\/\/www.controlyaccesos.com\/?page_id=477"},"modified":"2012-09-25T19:16:12","modified_gmt":"2012-09-25T17:16:12","slug":"seguimiento-solar","status":"publish","type":"page","link":"https:\/\/www.controlyaccesos.com\/ca\/seguimiento-solar\/","title":{"rendered":"Divisi\u00f3 solar"},"content":{"rendered":"<div class=\"custom-frame-wrapper alignleft frame-shadow\"><div class=\"custom-frame-inner-wrapper\"><div class=\"custom-frame-padding\"><a href=\"https:\/\/www.controlyaccesos.com\/wp-content\/uploads\/2012\/09\/Aguacaliente_solar.jpg\" rel=\"wp-prettyPhoto[477]\"><img loading=\"lazy\" decoding=\"async\" class=\"alignnone  wp-image-280\" title=\"cya 6000\" src=\"https:\/\/www.controlyaccesos.com\/wp-content\/uploads\/2012\/09\/Aguacaliente_solar.jpg\" alt=\"\" width=\"410\" height=\"220\" \/><\/a><\/div><\/div><\/div>\n<h1><span style=\"color: #0066ff;\">NOVETAT<\/span><\/h1>\n<p><span style=\"color: #ff6600;\">SISTEMA LOW COST AIGUA CALENTA <\/span><\/p>\n<p><span style=\"color: #ff6600;\">GRATIS PER TOTA LA VIDA<\/span><\/p>\n<p>&#8211; Sense risc d&#8217;explosi\u00f3 per ebullici\u00f3<br \/>\n&#8211; Sense trencament de canonades per congelaci\u00f3<br \/>\n&#8211; Sense obres<br \/>\n&#8211; Sense manteniment<br \/>\n&#8211; Acoblat a la instal\u00b7laci\u00f3 ja existent<br \/>\n&#8211; Econ\u00f2mic<br \/>\n&#8211; Totalment integrat a l&#8217;edifici &#8230;<\/p>\n<p style=\"text-align: right;\"><span style=\"color: #ff6600;\"><a href=\"https:\/\/www.controlyaccesos.com\/sistema-low-cost-agua-caliente\/\"><span style=\"color: #ff6600;\">m\u00e9s &#8230;<\/span><\/a><\/span><\/p>\n<p>&nbsp;<\/p>\n<div class=\"custom-frame-wrapper alignleft frame-shadow\"><div class=\"custom-frame-inner-wrapper\"><div class=\"custom-frame-padding\"><a href=\"https:\/\/www.controlyaccesos.com\/wp-content\/uploads\/2012\/08\/Fotos-ver-video-seguimiento-solar.jpg\" rel=\"wp-prettyPhoto[477]\"><img loading=\"lazy\" decoding=\"async\" class=\"alignnone  wp-image-280\" title=\"cya 6000\" src=\"https:\/\/www.controlyaccesos.com\/wp-content\/uploads\/2012\/08\/Fotos-ver-video-seguimiento-solar-300x168.jpg\" alt=\"\" width=\"410\" height=\"220\" \/><\/a><\/div><\/div><\/div>\n<p><span style=\"color: #ff6600;\">SEGUIDOR CYA 6000\u00a0<\/span><\/p>\n<p><span style=\"color: #ff6600;\">HASTA 6 KW.<\/span><\/p>\n<p>Es compon de:<\/p>\n<p>&#8211; M\u00f2duls solars fotovoltaics (opcional)<br \/>\n&#8211; Sabata de formig\u00f3 armada<br \/>\n&#8211; Pilar de sustentaci\u00f3<br \/>\n&#8211; Calaix de comandaments<br \/>\n&#8211; Graella estructural<\/p>\n<p>&nbsp;<\/p>\n<p><strong>Veure v\u00eddeo seguidor solar<br \/>\n<\/strong><\/p>\n<div class=\"wposflv_container\"><script src=\"https:\/\/www.controlyaccesos.com\/wp-content\/plugins\/wp-os-flv\/js\/flash\/swfobject_modified.js\" type=\"text\/javascript\"><\/script><object id=\"FlashID1\" classid=\"clsid:D27CDB6E-AE6D-11cf-96B8-444553540000\" width=\"410\" height=\"218\"><param name=\"movie\" value=\"http:\/\/flv-player.net\/medias\/player_flv_maxi.swf\" \/><param name=\"allowFullScreen\" value=\"true\" \/><param name=\"quality\" value=\"high\" \/><param name=\"wmode\" value=\"transparent\" \/><param name=\"swfversion\" value=\"8.0.35.0\" \/><!-- This param tag prompts users with Flash Player 6.0 r65 and higher to download the latest version of Flash Player. Delete it if you don't want users to see the prompt. --><param name=\"expressinstall\" value=\"https:\/\/www.controlyaccesos.com\/wp-content\/plugins\/wp-os-flv\/js\/flash\/expressInstall.swf\" \/><param name=\"FlashVars\" value=\"flv=https:\/\/www.controlyaccesos.com\/Seguimiento_solar_cat.flv&amp;startimage=https:\/\/www.controlyaccesos.com\/wp-content\/uploads\/2012\/08\/logo_videos.jpg&amp;width=410&amp;height=218&amp;margin=1&amp;bgcolor1=d1d1d1&amp;showstop=1&amp;showvolume=1&amp;showtime=1&amp;showfullscreen=1\" \/><!-- Next object tag is for non-IE browsers. So hide it from IE using IECC. --><![if !IE]><object type=\"application\/x-shockwave-flash\" data=\"http:\/\/flv-player.net\/medias\/player_flv_maxi.swf\" width=\"410\" height=\"218\"><![endif]><param name=\"allowFullScreen\" value=\"true\" \/><param name=\"quality\" value=\"high\" \/><param name=\"wmode\" value=\"transparent\" \/><param name=\"swfversion\" value=\"8.0.35.0\" \/><param name=\"expressinstall\" value=\"https:\/\/www.controlyaccesos.com\/wp-content\/plugins\/wp-os-flv\/js\/flash\/expressInstall.swf\" \/><param name=\"FlashVars\" value=\"flv=https:\/\/www.controlyaccesos.com\/Seguimiento_solar_cat.flv&amp;startimage=https:\/\/www.controlyaccesos.com\/wp-content\/uploads\/2012\/08\/logo_videos.jpg&amp;width=410&amp;height=218&amp;margin=1&amp;bgcolor1=d1d1d1&amp;showstop=1&amp;showvolume=1&amp;showtime=1&amp;showfullscreen=1\" \/><!-- The browser displays the following alternative content for users with Flash Player 6.0 and older. --><div><h4>Content on this page requires a newer version of Adobe Flash Player.<\/h4><p><a href=\"http:\/\/www.adobe.com\/go\/getflashplayer\"><img loading=\"lazy\" decoding=\"async\" src=\"http:\/\/www.adobe.com\/images\/shared\/download_buttons\/get_flash_player.gif\" alt=\"Get Adobe Flash player\" width=\"112\" height=\"33\" \/><\/a><\/p><\/div><![if !IE]><\/object><![endif]><\/object><script type=\"text\/javascript\"><!--\n\t\tswfobject.registerObject(\"FlashID1\");\n\t\t\/\/--><\/script><\/div>\n<p>&nbsp;<\/p>\n<div class=\"custom-frame-wrapper alignleft frame-shadow\"><div class=\"custom-frame-inner-wrapper\"><div class=\"custom-frame-padding\"><a href=\"https:\/\/www.controlyaccesos.com\/wp-content\/uploads\/2012\/08\/IMG_3682-e1345583554279.jpg\" rel=\"wp-prettyPhoto[477]\"><img loading=\"lazy\" decoding=\"async\" class=\"alignnone  wp-image-281\" title=\"IMG_3682\" src=\"https:\/\/www.controlyaccesos.com\/wp-content\/uploads\/2012\/08\/IMG_3682-300x200.jpg\" alt=\"\" width=\"410\" height=\"220\" \/><\/a><\/div><\/div><\/div>\n<p><span style=\"color: #ff0000;\">NOVETAT<\/span><\/p>\n<p><span style=\"color: #ff6600;\">SEGUIDOR CYA 10000<\/span><\/p>\n<p><span style=\"color: #ff6600;\">FINS A 10 KW.<\/span><\/p>\n","protected":false},"excerpt":{"rendered":"<p>NOVETAT SISTEMA LOW COST AIGUA CALENTA GRATIS PER TOTA LA VIDA &#8211; Sense risc d&#8217;explosi\u00f3 per ebullici\u00f3 &#8211; Sense trencament de canonades per congelaci\u00f3 &#8211; Sense obres &#8211; Sense manteniment &#8211; Acoblat a la instal\u00b7laci\u00f3 ja existent &#8211; Econ\u00f2mic &#8211; Totalment integrat a l&#8217;edifici &#8230; m\u00e9s &#8230;<\/p>\n","protected":false},"author":1,"featured_media":0,"parent":0,"menu_order":0,"comment_status":"closed","ping_status":"closed","template":"page-FullWidth.php","meta":{"footnotes":""},"class_list":["post-477","page","type-page","status-publish","hentry"],"aioseo_notices":[],"_links":{"self":[{"href":"https:\/\/www.controlyaccesos.com\/ca\/wp-json\/wp\/v2\/pages\/477","targetHints":{"allow":["GET"]}}],"collection":[{"href":"https:\/\/www.controlyaccesos.com\/ca\/wp-json\/wp\/v2\/pages"}],"about":[{"href":"https:\/\/www.controlyaccesos.com\/ca\/wp-json\/wp\/v2\/types\/page"}],"author":[{"embeddable":true,"href":"https:\/\/www.controlyaccesos.com\/ca\/wp-json\/wp\/v2\/users\/1"}],"replies":[{"embeddable":true,"href":"https:\/\/www.controlyaccesos.com\/ca\/wp-json\/wp\/v2\/comments?post=477"}],"version-history":[{"count":15,"href":"https:\/\/www.controlyaccesos.com\/ca\/wp-json\/wp\/v2\/pages\/477\/revisions"}],"predecessor-version":[{"id":654,"href":"https:\/\/www.controlyaccesos.com\/ca\/wp-json\/wp\/v2\/pages\/477\/revisions\/654"}],"wp:attachment":[{"href":"https:\/\/www.controlyaccesos.com\/ca\/wp-json\/wp\/v2\/media?parent=477"}],"curies":[{"name":"wp","href":"https:\/\/api.w.org\/{rel}","templated":true}]}}