{"id":688,"date":"2012-07-17T18:45:08","date_gmt":"2012-07-17T18:45:08","guid":{"rendered":"https:\/\/www.controlyaccesos.com\/aviso-legal-2\/"},"modified":"2012-09-18T12:23:25","modified_gmt":"2012-09-18T10:23:25","slug":"aviso-legal","status":"publish","type":"page","link":"https:\/\/www.controlyaccesos.com\/ca\/aviso-legal\/","title":{"rendered":"Av\u00eds legal"},"content":{"rendered":"<h2><strong> Informaci\u00f3 legal i condicions d&#8217;\u00fas del lloc web.<\/strong><\/h2>\n<p><strong><em>Titular del Lloc Web.<\/em><\/strong><\/p>\n<p>Denominaci\u00f3 social: CONTROL I ACCESSOS S.L.<br \/>\nCIF: B25320110.<br \/>\nDomicili social: C \/ XAVIER PUIG I ANDREU, 42<br \/>\nContacte:<br \/>\n&#8211; Tel\u00e8fon: (+34) 973.248.842<br \/>\n&#8211; Adre\u00e7a de correu electr\u00f2nic: &#x69;&#x6e;&#x66;&#x6f;&#x40;&#x63;&#x6f;&#x6e;&#x74;&#x72;&#x6f;&#x6c;&#x79;&#x61;&#x63;&#x63;&#x65;&#x73;&#x6f;&#x73;&#x2e;&#x63;&#x6f;&#x6d;<br \/>\n&#8211; <a title=\"Contacto\" href=\"https:\/\/www.controlyaccesos.com\/contacto\/\">Formulari online de contacte.<\/a><\/p>\n<p>&nbsp;<\/p>\n<p><strong>I. &#8211; Pol\u00edtica de privacitat i protecci\u00f3 de dades personals.<\/strong><br \/>\n<strong><\/strong><\/p>\n<p><strong>Exercici de Drets de Protecci\u00f3 de Dades.<\/strong><\/p>\n<p>Els usuaris poden dirigir una comunicaci\u00f3 per escrit al domicili social de CONTROL I ACCESSOS SL oa l&#8217;adre\u00e7a de correu electr\u00f2nic &#x69;n&#x66;&#111;&#64;&#x63;&#111;&#x6e;&#116;r&#x6f;&#108;&#x79;&#97;c&#x63;&#101;&#x73;&#x6f;s&#x2e;&#99;o&#x6d;, incloent en ambd\u00f3s casos fotoc\u00f2pia del seu DNI o un altre document identificatiu similar, per sol \u00b7 licitar l&#8217;exercici dels drets <a href=\"http:\/\/www.agpd.es\/portalwebAGPD\/canalciudadano\/derechosciudadano\/derecho_acceso\/index-ides-idphp.php\">d&#8217;acc\u00e9s, rectificaci\u00f3, cancel \u00b7 laci\u00f3 i oposici\u00f3.<br \/>\n<\/a><\/p>\n<p><strong>* Vies a trav\u00e9s de les quals es recullen dades personals. Finalitats del tractament.<br \/>\n<\/strong><\/p>\n<p><em><strong>&#8211; Formularis de contacte i mitjans de comunicaci\u00f3 tradicionals.<br \/>\n<\/strong><\/em><\/p>\n<p>Es permet a l&#8217;usuari l&#8217;enviament no xifrat de les seves dades personals a trav\u00e9s de formularis de contacte de tipus est\u00e0ndard allotjats en els servidors de control i accessos. Les dades personals recollides seran incorporades als corresponents fitxers dels quals CONTROL I ACCESSOS SL \u00e9s titular. Aix\u00ed mateix, podr\u00e0 facilitar les seves dades a trav\u00e9s de tel\u00e8fon, correu electr\u00f2nic i altres mitjans de comunicaci\u00f3 tradicionals indicats en la secci\u00f3 de <a href=\"https:\/\/www.controlyaccesos.com\/contacto\/\">contacte<\/a>. La finalitat de tractament d&#8217;aquestes dades ser\u00e0 \u00fanicament la de prestar-la informaci\u00f3 o serveis que ens sol \u00b7 liciti.<\/p>\n<p>A trav\u00e9s del lloc web, el Client pot accedir per mitj\u00e0 d&#8217;enlla\u00e7os a llocs web de tercers.<\/p>\n<ul>\n<li><strong>Navegaci\u00f3 web (cookies)<\/strong><\/li>\n<\/ul>\n<p>L&#8217;acc\u00e9s a aquest lloc web pot implicar la utilitzaci\u00f3 de cookies. Les cookies s\u00f3n petites quantitats d&#8217;informaci\u00f3 que s&#8217;emmagatzemen en el navegador utilitzat per cada usuari perqu\u00e8 el servidor recordi certa informaci\u00f3 que posteriorment pugui utilitzar. Aquesta informaci\u00f3 permet identificar a vost\u00e8 com un usuari concret i permet guardar les seves prefer\u00e8ncies personals, aix\u00ed com informaci\u00f3 t\u00e8cnica com ara visites o p\u00e0gines concretes que visiti.<\/p>\n<p>Aquells usuaris que no desitgin rebre cookies o vulguin ser informats abans que s&#8217;emmagatzemin en el seu ordinador, poden configurar el seu navegador a aquest efecte.<\/p>\n<p>La major part dels navegadors d&#8217;avui en dia permeten la gesti\u00f3 de les cookies de 3 formes diferents:<\/p>\n<ol start=\"1\">\n<li>Les galetes no s&#8217;accepten mai..<\/li>\n<li>El navegador pregunta a l&#8217;usuari si s&#8217;ha d&#8217;acceptar cada cookie.<\/li>\n<li>Les galetes s&#8217;accepten sempre.<\/li>\n<\/ol>\n<p>El navegador tambi\u00e9n puede incluir la posibilidad de especificar mejor qu\u00e9 <em>cookies<\/em> tienen que ser aceptadas y cu\u00e1les no. En concreto, el usuario puede normalmente aceptar alguna de las siguientes opciones:<\/p>\n<ol start=\"1\">\n<li>Rebutjar les cookies de determinats dominis.<\/li>\n<li>Rebutjar les cookies de tercers.<\/li>\n<li>Acceptar cookies com no persistents (s&#8217;eliminen quan el navegador es tanca).<\/li>\n<li>Permetre al servidor crear cookies per un domini diferent.<\/li>\n<\/ol>\n<p>A m\u00e9s, els navegadors poden tamb\u00e9 permetre als usuaris veure i esborrar cookies individualment.<\/p>\n<p>Podeu trobar m\u00e9s informaci\u00f3 sobre les cookies a: <a href=\"http:\/\/es.wikipedia.org\/wiki\/Cookie\">Wikipedia<\/a><\/p>\n<p><strong>Llista de cookies en aquest lloc<\/strong><\/p>\n<table width=\"100%\">\n<tbody>\n<tr>\n<th scope=\"col\" width=\"30%\">Nom<\/th>\n<th scope=\"col\" width=\"70%\">Prop\u00f2sit<\/th>\n<\/tr>\n<tr>\n<td>&#8211;<\/td>\n<td>&#8211;<\/td>\n<\/tr>\n<tr>\n<td>_icl_current_admin_language, _icl_current_language<\/td>\n<td>S&#8217;utilitzen per indicar l&#8217;idioma escollit en el lloc web<\/td>\n<\/tr>\n<tr>\n<td>&#8211;<\/td>\n<td>&#8211;<\/td>\n<\/tr>\n<tr>\n<td>wp-settings-3, wp-settings-time-3, wordpress_test_cookie, wordpress_logged_in_xxxx, KPEFCFAGDGQQMGBV, SJECT<\/td>\n<td>Aquestes galetes s\u00f3n utilitzades per operar el programari del lloc web que utilitzem. Aquestes galetes expiren quan vost\u00e8 tanca el navegador.<\/td>\n<\/tr>\n<tr>\n<td>&#8211;<\/td>\n<td>&#8211;<\/td>\n<\/tr>\n<tr>\n<td>NID, SNID y PREF<\/td>\n<td>Aquestes galetes permeten a Google Maps recordar quin navegador est\u00e0 utilitzant i quines s\u00f3n les prefer\u00e8ncies que hagi establert en veure els mapes.<\/td>\n<\/tr>\n<tr>\n<td>&#8211;<\/td>\n<td>&#8211;<\/td>\n<\/tr>\n<tr>\n<td>__utma, __utmb, __utmc, __utmv, __utmz<\/td>\n<td>Un servei d&#8217;an\u00e0lisi web de Google, Google Analytics Inc estableix una galeta amb la finalitat d&#8217;avaluar l&#8217;\u00fas de l&#8217;aplicaci\u00f3 Not\u00edcies i compilar informes d&#8217;activitat per a nosaltres en el App.Google Not\u00edcies i emmagatzema la informaci\u00f3 recollida per les galetes en els servidors als Estats Units. feu clic aqu\u00ed:\u00a0<a href=\"http:\/\/www.google.com\/intl\/es\/privacypolicy.html\" target=\"_blank\">http:\/\/www.google.com\/intl\/es\/privacypolicy.html<\/a>\u00a0per con\u00e8ixer la forma de rebutjar o eliminar aquesta cookie.<\/td>\n<\/tr>\n<\/tbody>\n<\/table>\n<p><strong>II.- Responsabilitat pel contingut del lloc web<br \/>\n<\/strong><\/p>\n<p>El lloc web cont\u00e9 textos elaborats amb fins merament informatius o divulgatius dels serveis que presta Control i accessos, aix\u00ed com de les novetats de la seva activitat comercial.<\/p>\n<p>Els enlla\u00e7os externs que cont\u00e9 aquest lloc web condueixen a llocs gestionats per terceros.CONTROL I ACCESSOS, S.L. no respon dels continguts ni de l&#8217;estat d&#8217;aquests llocs. L&#8217;\u00fas d&#8217;enlla\u00e7os externs tampoc implica que CONTROL I ACCESSOS, S.L. recomani o aprovi els continguts de les p\u00e0gines de destinaci\u00f3.<\/p>\n<p>&nbsp;<\/p>\n<p><strong>III. Normativa i Jurisdicci\u00f3<br \/>\n<\/strong><\/p>\n<p>Les presents condicions d&#8217;\u00fas del lloc web es regeixen en tots i cadascun dels seus extrems per la llei espanyola. L&#8217;idioma de redacci\u00f3 i interpretaci\u00f3 d&#8217;aquest av\u00eds legal \u00e9s l&#8217;espanyol. Aquest av\u00eds legal no s&#8217;arxivar\u00e0 individualment per a cada usuari sin\u00f3 que romandr\u00e0 accessible per mitj\u00e0 d&#8217;Internet en aquest mateix <a href=\"http:\/\/www.controlyaccesos.com\">lloc web<\/a>.<\/p>\n","protected":false},"excerpt":{"rendered":"<p>Informaci\u00f3 legal i condicions d&#8217;\u00fas del lloc web. Titular del Lloc Web. Denominaci\u00f3 social: CONTROL I ACCESSOS S.L. CIF: B25320110. Domicili social: C \/ XAVIER PUIG I ANDREU, 42 Contacte: &#8211; Tel\u00e8fon: (+34) 973.248.842 &#8211; Adre\u00e7a de correu electr\u00f2nic: &#x69;n&#x66;&#111;&#64;&#x63;&#111;&#x6e;&#x74;r&#x6f;&#108;y&#x61;&#99;&#x63;&#101;s&#x6f;&#115;&#46;&#x63;&#111;&#x6d; &#8211; Formulari online de contacte. &nbsp; I.<\/p>\n","protected":false},"author":1,"featured_media":0,"parent":0,"menu_order":0,"comment_status":"closed","ping_status":"closed","template":"page-FullWidth.php","meta":{"footnotes":""},"class_list":["post-688","page","type-page","status-publish","hentry"],"aioseo_notices":[],"_links":{"self":[{"href":"https:\/\/www.controlyaccesos.com\/ca\/wp-json\/wp\/v2\/pages\/688","targetHints":{"allow":["GET"]}}],"collection":[{"href":"https:\/\/www.controlyaccesos.com\/ca\/wp-json\/wp\/v2\/pages"}],"about":[{"href":"https:\/\/www.controlyaccesos.com\/ca\/wp-json\/wp\/v2\/types\/page"}],"author":[{"embeddable":true,"href":"https:\/\/www.controlyaccesos.com\/ca\/wp-json\/wp\/v2\/users\/1"}],"replies":[{"embeddable":true,"href":"https:\/\/www.controlyaccesos.com\/ca\/wp-json\/wp\/v2\/comments?post=688"}],"version-history":[{"count":3,"href":"https:\/\/www.controlyaccesos.com\/ca\/wp-json\/wp\/v2\/pages\/688\/revisions"}],"predecessor-version":[{"id":689,"href":"https:\/\/www.controlyaccesos.com\/ca\/wp-json\/wp\/v2\/pages\/688\/revisions\/689"}],"wp:attachment":[{"href":"https:\/\/www.controlyaccesos.com\/ca\/wp-json\/wp\/v2\/media?parent=688"}],"curies":[{"name":"wp","href":"https:\/\/api.w.org\/{rel}","templated":true}]}}